{"id":2,"date":"2018-02-21T13:41:55","date_gmt":"2018-02-21T12:41:55","guid":{"rendered":"http:\/\/archiwum.radiopodlasie.pl\/OLD\/?page_id=2"},"modified":"2019-10-04T11:50:10","modified_gmt":"2019-10-04T09:50:10","slug":"przykladowa-strona","status":"publish","type":"page","link":"https:\/\/archiwum.radiopodlasie.pl\/NEW\/przykladowa-strona\/","title":{"rendered":"INFORMACJA"},"content":{"rendered":"<h3 style=\"text-align: center;\"><img loading=\"lazy\" decoding=\"async\" class=\"alignleft size-medium wp-image-5184\" src=\"http:\/\/archiwum.radiopodlasie.pl\/NEW\/wp-content\/uploads\/2019\/10\/radiointernetA-300x285.jpg\" alt=\"\" width=\"300\" height=\"285\" srcset=\"https:\/\/archiwum.radiopodlasie.pl\/NEW\/wp-content\/uploads\/2019\/10\/radiointernetA-300x285.jpg 300w, https:\/\/archiwum.radiopodlasie.pl\/NEW\/wp-content\/uploads\/2019\/10\/radiointernetA.jpg 640w\" sizes=\"auto, (max-width: 300px) 100vw, 300px\" \/><\/h3>\n<h3 style=\"text-align: center;\"><\/h3>\n<h3 style=\"text-align: center;\">Witaj na stronie archiwum d\u017awi\u0119k\u00f3w<\/h3>\n<h3 style=\"text-align: center;\">Katolickiego Radia Podlasie<br \/>\n2018 &#8211; . . .<\/h3>\n<p>&nbsp;<\/p>\n<h1 style=\"text-align: center;\"><\/h1>\n<p>Znajdziesz tutaj nagrania audycji, reporta\u017ce, katechezy, wywiady itp. wyemitowane na naszej antenie. Systematycznie uzupe\u0142niamy zasoby tego archiwum, tak aby mo\u017cna by\u0142o ods\u0142ucha\u0107 interesuj\u0105ce naszych s\u0142uchaczy materia\u0142y. Obecna ods\u0142ona obejmuje audycje od 2018 roku &#8211; starsze mo\u017cna ods\u0142ucha\u0107 <a href=\"http:\/\/archiwum.radiopodlasie.pl\/\" target=\"_blank\" rel=\"noopener\">TUTAJ<\/a><\/p>\n<p>Archiwum prowadzi Joanna Andrzejewska, je\u017celi nie znalaz\u0142e\u015b interesuj\u0105cego Ci\u0119 nagrania napisz do Niej <a href=\"mailto:archiwum@radiopodlasie.pl\">archiwum@radiopodlasie.pl<\/a>, postaramy si\u0119 umie\u015bci\u0107 to nagranie w archiwum lub wy\u015blemy na tw\u00f3j adres. Zastrzegamy jednak sobie prawo do nieudost\u0119pnienia niekt\u00f3rych nagra\u0144.<\/p>\n<p>Mi\u0142ego korzystania!<\/p>\n<p>&nbsp;<\/p>\n<p>&nbsp;<\/p>\n","protected":false},"excerpt":{"rendered":"<p>Witaj na stronie archiwum d\u017awi\u0119k\u00f3w Katolickiego Radia Podlasie 2018 &#8211; . . . &nbsp; Znajdziesz tutaj nagrania audycji, reporta\u017ce, katechezy, wywiady itp. wyemitowane na naszej antenie. Systematycznie uzupe\u0142niamy zasoby tego archiwum, tak aby mo\u017cna&#46;&#46;&#46;<\/p>\n","protected":false},"author":1,"featured_media":0,"parent":0,"menu_order":0,"comment_status":"closed","ping_status":"open","template":"","meta":{"om_disable_all_campaigns":false,"_monsterinsights_skip_tracking":false,"_monsterinsights_sitenote_active":false,"_monsterinsights_sitenote_note":"","_monsterinsights_sitenote_category":0,"footnotes":""},"class_list":["post-2","page","type-page","status-publish","hentry"],"aioseo_notices":[],"_links":{"self":[{"href":"https:\/\/archiwum.radiopodlasie.pl\/NEW\/wp-json\/wp\/v2\/pages\/2","targetHints":{"allow":["GET"]}}],"collection":[{"href":"https:\/\/archiwum.radiopodlasie.pl\/NEW\/wp-json\/wp\/v2\/pages"}],"about":[{"href":"https:\/\/archiwum.radiopodlasie.pl\/NEW\/wp-json\/wp\/v2\/types\/page"}],"author":[{"embeddable":true,"href":"https:\/\/archiwum.radiopodlasie.pl\/NEW\/wp-json\/wp\/v2\/users\/1"}],"replies":[{"embeddable":true,"href":"https:\/\/archiwum.radiopodlasie.pl\/NEW\/wp-json\/wp\/v2\/comments?post=2"}],"version-history":[{"count":2,"href":"https:\/\/archiwum.radiopodlasie.pl\/NEW\/wp-json\/wp\/v2\/pages\/2\/revisions"}],"predecessor-version":[{"id":5185,"href":"https:\/\/archiwum.radiopodlasie.pl\/NEW\/wp-json\/wp\/v2\/pages\/2\/revisions\/5185"}],"wp:attachment":[{"href":"https:\/\/archiwum.radiopodlasie.pl\/NEW\/wp-json\/wp\/v2\/media?parent=2"}],"curies":[{"name":"wp","href":"https:\/\/api.w.org\/{rel}","templated":true}]}}